{"id":27,"date":"2018-06-04T11:02:57","date_gmt":"2018-06-04T09:02:57","guid":{"rendered":"http:\/\/tvl.studiob-design.fr\/site\/?page_id=27"},"modified":"2025-04-07T15:01:32","modified_gmt":"2025-04-07T13:01:32","slug":"winery-tasting","status":"publish","type":"page","link":"https:\/\/cave-tavel-lirac.fr\/en\/winery-tasting\/","title":{"rendered":"Winery &#038; tasting"},"content":{"rendered":"<h4 class=\"texte_exergue\" style=\"text-align: center;\">In our spacious tasting rooms, our team will introduce you to the full range of our wines: <a href=\"http:\/\/cave-tavel-lirac.fr\/boutique\/\">Tavel, Lirac,<\/a> C\u00f4tes du Rh\u00f4ne Villages, C\u00f4tes du Rh\u00f4ne, and Vins de Pays.<\/h4>\n<p style=\"text-align: center;\">Our wine advisors will guide you in your wine selection and recommend the best food pairings.<\/p>\n<p>&nbsp;<\/p>\n<div class=\"row mceNonEditable\">\n<div class=\"col col-12 col-lg-3\">\n<div class=\"col-inner mceEditable\"><\/div>\n<\/div>\n<div class=\"col col-12 col-lg-6\">\n<div class=\"col-inner mceEditable\">\n<p style=\"text-align: center;\"><em><strong>2024 Opening Hours<\/strong><\/em><br \/>\nOur tasting areas are open<\/p>\n<p style=\"text-align: center;\"><em><strong>Every day except December 25 and January 1<\/strong><\/em><\/p>\n<p style=\"text-align: center;\"><strong><em>Monday to Sunday: 9 AM &#8211; 12 PM \/ 2 PM &#8211; 6 PM<\/em><\/strong><\/p>\n<p><strong>\u00a0 \u00a0 \u00a0 \u00a0 \u00a0 \u00a0 \u00a0 \u00a0 \u00a0 \u00a0 \u00a0 \u00a0 \u00a0 \u00a0 \u00a0 \u00a0 \u00a0 \u00a0 \u00a0 \u00a0 July and August: 9 AM &#8211; 12 PM \/ 2 PM &#8211; 6:30 PM<\/strong><br \/>\n<strong>\u00a0 \u00a0 \u00a0 \u00a0 \u00a0 \u00a0 \u00a0 \u00a0 \u00a0 \u00a0 \u00a0 \u00a0 \u00a0 \u00a0 \u00a0 \u00a0 \u00a0 \u00a0 \u00a0 \u00a0 December 24 and 31: 9 AM &#8211; 12 PM \/ 2 PM &#8211; 5:30 PM<\/strong><\/p>\n<h4><em>\u00a0 \u00a0 \u00a0 \u00a0 \u00a0 \u00a0 \u00a0<\/em><a href=\"https:\/\/www.google.fr\/maps\/dir\/Tavel,+30126\/cave+de+tavel\/@44.011691,4.7018088,17z\/data=!3m1!4b1!4m13!4m12!1m5!1m1!1s0x12b5bf82bd58ff63:0x4078821166b3470!2m2!1d4.698161!2d44.01293!1m5!1m1!1s0x12b5bfeda82545db:0x88a84873b2721b8c!2m2!1d4.7091436!2d44.0113633\">Visit the wine cellar<\/a><\/h4>\n<h4><strong>\u00a0We welcome groups <\/strong><a href=\"https:\/\/cave-tavel-lirac.fr\/en\/contact-us\/\">Please contact us<\/a> to schedule your visit and organize your tasting experience.<\/h4>\n<\/div>\n<\/div>\n<div class=\"col col-12 col-lg-3\">\n<div class=\"col-inner mceEditable\"><\/div>\n<\/div>\n<\/div>\n<p><img loading=\"lazy\" decoding=\"async\" class=\"alignnone wp-image-1095\" src=\"http:\/\/cave-tavel-lirac.fr\/wp-content\/uploads\/2019\/01\/0\u7684\u526f\u672c-3.jpeg\" alt=\"tasting\" width=\"301\" height=\"204\" srcset=\"https:\/\/cave-tavel-lirac.fr\/wp-content\/uploads\/2019\/01\/0\u7684\u526f\u672c-3.jpeg 1024w, https:\/\/cave-tavel-lirac.fr\/wp-content\/uploads\/2019\/01\/0\u7684\u526f\u672c-3-250x170.jpeg 250w, https:\/\/cave-tavel-lirac.fr\/wp-content\/uploads\/2019\/01\/0\u7684\u526f\u672c-3-768x521.jpeg 768w, https:\/\/cave-tavel-lirac.fr\/wp-content\/uploads\/2019\/01\/0\u7684\u526f\u672c-3-700x475.jpeg 700w, https:\/\/cave-tavel-lirac.fr\/wp-content\/uploads\/2019\/01\/0\u7684\u526f\u672c-3-120x81.jpeg 120w, https:\/\/cave-tavel-lirac.fr\/wp-content\/uploads\/2019\/01\/0\u7684\u526f\u672c-3-600x407.jpeg 600w\" sizes=\"auto, (max-width: 301px) 100vw, 301px\" \/><br \/>\n<img loading=\"lazy\" decoding=\"async\" class=\"alignnone wp-image-1105\" src=\"http:\/\/cave-tavel-lirac.fr\/wp-content\/uploads\/2019\/01\/verresjpg-1.jpg\" alt=\"tasting\" width=\"295\" height=\"347\" srcset=\"https:\/\/cave-tavel-lirac.fr\/wp-content\/uploads\/2019\/01\/verresjpg-1.jpg 2082w, https:\/\/cave-tavel-lirac.fr\/wp-content\/uploads\/2019\/01\/verresjpg-1-250x294.jpg 250w, https:\/\/cave-tavel-lirac.fr\/wp-content\/uploads\/2019\/01\/verresjpg-1-768x904.jpg 768w, https:\/\/cave-tavel-lirac.fr\/wp-content\/uploads\/2019\/01\/verresjpg-1-700x824.jpg 700w, https:\/\/cave-tavel-lirac.fr\/wp-content\/uploads\/2019\/01\/verresjpg-1-120x141.jpg 120w, https:\/\/cave-tavel-lirac.fr\/wp-content\/uploads\/2019\/01\/verresjpg-1-600x706.jpg 600w\" sizes=\"auto, (max-width: 295px) 100vw, 295px\" \/><br \/>\n<img loading=\"lazy\" decoding=\"async\" class=\"alignnone wp-image-1102\" src=\"http:\/\/cave-tavel-lirac.fr\/wp-content\/uploads\/2019\/01\/Degustation.jpg\" alt=\"tasting\" width=\"304\" height=\"202\" srcset=\"https:\/\/cave-tavel-lirac.fr\/wp-content\/uploads\/2019\/01\/Degustation.jpg 425w, https:\/\/cave-tavel-lirac.fr\/wp-content\/uploads\/2019\/01\/Degustation-250x166.jpg 250w, https:\/\/cave-tavel-lirac.fr\/wp-content\/uploads\/2019\/01\/Degustation-120x80.jpg 120w\" sizes=\"auto, (max-width: 304px) 100vw, 304px\" \/><\/p>\n","protected":false},"excerpt":{"rendered":"In our spacious tasting rooms, our team will introduce you to the full range of our wines: Tavel, Lirac, C\u00f4tes du Rh\u00f4ne Villages, C\u00f4tes du Rh\u00f4ne, and Vins de Pays. Our wine advisors will guide you in your wine selection and recommend the best food pairings. &nbsp; 2024 Opening Hours Our tasting areas are open&#8230; <a class=\"view-article\" href=\"https:\/\/cave-tavel-lirac.fr\/en\/winery-tasting\/\">Read more<\/a>","protected":false},"author":1,"featured_media":622,"parent":0,"menu_order":0,"comment_status":"closed","ping_status":"closed","template":"templates\/main-content.php","meta":{"footnotes":""},"class_list":["post-27","page","type-page","status-publish","has-post-thumbnail","hentry"],"_links":{"self":[{"href":"https:\/\/cave-tavel-lirac.fr\/en\/wp-json\/wp\/v2\/pages\/27","targetHints":{"allow":["GET"]}}],"collection":[{"href":"https:\/\/cave-tavel-lirac.fr\/en\/wp-json\/wp\/v2\/pages"}],"about":[{"href":"https:\/\/cave-tavel-lirac.fr\/en\/wp-json\/wp\/v2\/types\/page"}],"author":[{"embeddable":true,"href":"https:\/\/cave-tavel-lirac.fr\/en\/wp-json\/wp\/v2\/users\/1"}],"replies":[{"embeddable":true,"href":"https:\/\/cave-tavel-lirac.fr\/en\/wp-json\/wp\/v2\/comments?post=27"}],"version-history":[{"count":2,"href":"https:\/\/cave-tavel-lirac.fr\/en\/wp-json\/wp\/v2\/pages\/27\/revisions"}],"predecessor-version":[{"id":14797,"href":"https:\/\/cave-tavel-lirac.fr\/en\/wp-json\/wp\/v2\/pages\/27\/revisions\/14797"}],"wp:featuredmedia":[{"embeddable":true,"href":"https:\/\/cave-tavel-lirac.fr\/en\/wp-json\/wp\/v2\/media\/622"}],"wp:attachment":[{"href":"https:\/\/cave-tavel-lirac.fr\/en\/wp-json\/wp\/v2\/media?parent=27"}],"curies":[{"name":"wp","href":"https:\/\/api.w.org\/{rel}","templated":true}]}}